{"id":2596,"date":"2025-08-08T18:05:25","date_gmt":"2025-08-08T16:05:25","guid":{"rendered":"https:\/\/www.salineacademy.com\/replay\/concerto-pour-violon-op-35-1er-mouvement\/"},"modified":"2025-09-10T16:19:01","modified_gmt":"2025-09-10T14:19:01","slug":"concerto-pour-violon-op-35-1er-mouvement","status":"publish","type":"product","link":"https:\/\/www.salineacademy.com\/fr\/replay\/concerto-pour-violon-op-35-1er-mouvement\/","title":{"rendered":"Concerto\u00a0pour violon, Op. 35, 1er mouvement"},"content":{"rendered":"<p>Dans cette masterclass, Tedi Papavrami enseigne \u00e0 son \u00e9l\u00e8ve Gandhi Saad comment maintenir une bonne posture et un bon doigt\u00e9 afin de produire le son le plus percutant<\/p>\n","protected":false},"excerpt":{"rendered":"<p>Dans cette masterclass, Tedi Papavrami enseigne \u00e0 son \u00e9l\u00e8ve Gandhi Saad comment maintenir une bonne posture et un bon doigt\u00e9 afin de produire le son le plus percutant<\/p>\n","protected":false},"featured_media":2594,"template":"","meta":{"_acf_changed":false,"inline_featured_image":false},"product_brand":[],"product_cat":[30],"product_tag":[],"class_list":{"0":"post-2596","1":"product","2":"type-product","3":"status-publish","4":"has-post-thumbnail","6":"product_cat-masterclass","9":"first","10":"instock","11":"virtual","12":"taxable","13":"purchasable","14":"product-type-simple"},"acf":{"professeur":[664],"composer":"Tcha\u00efkovski, Piotr Ilitch","type_de_contenu":"masterclass","slug_video":"kiebtY5xNs","slug_extrait_video":"uhLKooSTwS","instruments":[34],"photo_de_fond":2594},"_links":{"self":[{"href":"https:\/\/www.salineacademy.com\/fr\/wp-json\/wp\/v2\/product\/2596","targetHints":{"allow":["GET"]}}],"collection":[{"href":"https:\/\/www.salineacademy.com\/fr\/wp-json\/wp\/v2\/product"}],"about":[{"href":"https:\/\/www.salineacademy.com\/fr\/wp-json\/wp\/v2\/types\/product"}],"acf:term":[{"embeddable":true,"taxonomy":"instrument","href":"https:\/\/www.salineacademy.com\/fr\/wp-json\/wp\/v2\/instrument\/34"}],"acf:post":[{"embeddable":true,"href":"https:\/\/www.salineacademy.com\/fr\/wp-json\/wp\/v2\/teacher\/664"}],"wp:featuredmedia":[{"embeddable":true,"href":"https:\/\/www.salineacademy.com\/fr\/wp-json\/wp\/v2\/media\/2594"}],"wp:attachment":[{"href":"https:\/\/www.salineacademy.com\/fr\/wp-json\/wp\/v2\/media?parent=2596"}],"wp:term":[{"taxonomy":"product_brand","embeddable":true,"href":"https:\/\/www.salineacademy.com\/fr\/wp-json\/wp\/v2\/product_brand?post=2596"},{"taxonomy":"product_cat","embeddable":true,"href":"https:\/\/www.salineacademy.com\/fr\/wp-json\/wp\/v2\/product_cat?post=2596"},{"taxonomy":"product_tag","embeddable":true,"href":"https:\/\/www.salineacademy.com\/fr\/wp-json\/wp\/v2\/product_tag?post=2596"}],"curies":[{"name":"wp","href":"https:\/\/api.w.org\/{rel}","templated":true}]}}