{"id":2620,"date":"2025-08-08T18:05:53","date_gmt":"2025-08-08T16:05:53","guid":{"rendered":"https:\/\/www.salineacademy.com\/replay\/concerto-pour-violon-no-2-bb-117-1e-mouvement-partie-2\/"},"modified":"2025-09-10T16:18:55","modified_gmt":"2025-09-10T14:18:55","slug":"concerto-pour-violon-no-2-bb-117-1e-mouvement-partie-2","status":"publish","type":"product","link":"https:\/\/www.salineacademy.com\/fr\/replay\/concerto-pour-violon-no-2-bb-117-1e-mouvement-partie-2\/","title":{"rendered":"Concerto pour violon no. 2, BB 117, 1e mouvement, partie 2"},"content":{"rendered":"<p>Barnab\u00e1s Kelemen et Sarah Bayens examinent de pr\u00e8s les indications \u00e9crites de B\u00e9la Bart\u00f3k dans cette masterclass pour violon.<\/p>\n","protected":false},"excerpt":{"rendered":"<p>Barnab\u00e1s Kelemen et Sarah Bayens examinent de pr\u00e8s les indications \u00e9crites de B\u00e9la Bart\u00f3k dans cette masterclass pour violon.<\/p>\n","protected":false},"featured_media":2618,"template":"","meta":{"_acf_changed":false,"inline_featured_image":false},"product_brand":[],"product_cat":[30],"product_tag":[],"class_list":{"0":"post-2620","1":"product","2":"type-product","3":"status-publish","4":"has-post-thumbnail","6":"product_cat-masterclass","9":"first","10":"instock","11":"virtual","12":"taxable","13":"purchasable","14":"product-type-simple"},"acf":{"professeur":[778],"composer":"Bart\u00f3k, B\u00e9la","type_de_contenu":"masterclass","slug_video":"6AiMSzOtyw","slug_extrait_video":"K32Wkh3m2K","instruments":[34],"photo_de_fond":2618},"_links":{"self":[{"href":"https:\/\/www.salineacademy.com\/fr\/wp-json\/wp\/v2\/product\/2620","targetHints":{"allow":["GET"]}}],"collection":[{"href":"https:\/\/www.salineacademy.com\/fr\/wp-json\/wp\/v2\/product"}],"about":[{"href":"https:\/\/www.salineacademy.com\/fr\/wp-json\/wp\/v2\/types\/product"}],"acf:term":[{"embeddable":true,"taxonomy":"instrument","href":"https:\/\/www.salineacademy.com\/fr\/wp-json\/wp\/v2\/instrument\/34"}],"acf:post":[{"embeddable":true,"href":"https:\/\/www.salineacademy.com\/fr\/wp-json\/wp\/v2\/teacher\/778"}],"wp:featuredmedia":[{"embeddable":true,"href":"https:\/\/www.salineacademy.com\/fr\/wp-json\/wp\/v2\/media\/2618"}],"wp:attachment":[{"href":"https:\/\/www.salineacademy.com\/fr\/wp-json\/wp\/v2\/media?parent=2620"}],"wp:term":[{"taxonomy":"product_brand","embeddable":true,"href":"https:\/\/www.salineacademy.com\/fr\/wp-json\/wp\/v2\/product_brand?post=2620"},{"taxonomy":"product_cat","embeddable":true,"href":"https:\/\/www.salineacademy.com\/fr\/wp-json\/wp\/v2\/product_cat?post=2620"},{"taxonomy":"product_tag","embeddable":true,"href":"https:\/\/www.salineacademy.com\/fr\/wp-json\/wp\/v2\/product_tag?post=2620"}],"curies":[{"name":"wp","href":"https:\/\/api.w.org\/{rel}","templated":true}]}}