{"id":2628,"date":"2025-08-08T18:06:02","date_gmt":"2025-08-08T16:06:02","guid":{"rendered":"https:\/\/www.salineacademy.com\/replay\/beethoven-leonore-overture-number-three-debussy-lapres-midi-dun-faune-and-mahler-symphony-number-nine\/"},"modified":"2025-09-10T16:18:53","modified_gmt":"2025-09-10T14:18:53","slug":"beethoven-leonore-overture-number-three-debussy-lapres-midi-dun-faune-and-mahler-symphony-number-nine","status":"publish","type":"product","link":"https:\/\/www.salineacademy.com\/fr\/replay\/beethoven-leonore-overture-number-three-debussy-lapres-midi-dun-faune-and-mahler-symphony-number-nine\/","title":{"rendered":"Beethoven, Leonore Overture number three, Debussy, l&rsquo;apr\u00e8s-midi d&rsquo;un faune, and Mahler Symphony number nine"},"content":{"rendered":"<p>In this masterclass for flute, professor Vincent Lucas and student Roni Stav are working on several excerpts, especially Debussy&rsquo;s Pr\u00e9lude \u00e0 l&rsquo;apr\u00e8s-midi d&rsquo;un faune and focusing their practice on memorizing pieces and how to better control one&rsquo;s breathing. They also work on Beethoven&rsquo;s Leonore Overture  and Mahler&rsquo;s Symphony number 9.<\/p>\n","protected":false},"excerpt":{"rendered":"<p>In this masterclass for flute, professor Vincent Lucas and student Roni Stav are working on several excerpts, especially Debussy&rsquo;s Pr\u00e9lude \u00e0 l&rsquo;apr\u00e8s-midi d&rsquo;un faune and focusing their practice on memorizing pieces and how to better control one&rsquo;s breathing. They also work on Beethoven&rsquo;s Leonore Overture and Mahler&rsquo;s Symphony number 9.<\/p>\n","protected":false},"featured_media":2626,"template":"","meta":{"_acf_changed":false,"inline_featured_image":false},"product_brand":[],"product_cat":[30],"product_tag":[],"class_list":{"0":"post-2628","1":"product","2":"type-product","3":"status-publish","4":"has-post-thumbnail","6":"product_cat-masterclass","9":"first","10":"instock","11":"virtual","12":"taxable","13":"purchasable","14":"product-type-simple"},"acf":{"professeur":[865],"composer":"","type_de_contenu":"masterclass","slug_video":"qDBfACVsx7","slug_extrait_video":"Ji2mgSipfM","instruments":[39],"photo_de_fond":2626},"_links":{"self":[{"href":"https:\/\/www.salineacademy.com\/fr\/wp-json\/wp\/v2\/product\/2628","targetHints":{"allow":["GET"]}}],"collection":[{"href":"https:\/\/www.salineacademy.com\/fr\/wp-json\/wp\/v2\/product"}],"about":[{"href":"https:\/\/www.salineacademy.com\/fr\/wp-json\/wp\/v2\/types\/product"}],"acf:term":[{"embeddable":true,"taxonomy":"instrument","href":"https:\/\/www.salineacademy.com\/fr\/wp-json\/wp\/v2\/instrument\/39"}],"acf:post":[{"embeddable":true,"href":"https:\/\/www.salineacademy.com\/fr\/wp-json\/wp\/v2\/teacher\/865"}],"wp:featuredmedia":[{"embeddable":true,"href":"https:\/\/www.salineacademy.com\/fr\/wp-json\/wp\/v2\/media\/2626"}],"wp:attachment":[{"href":"https:\/\/www.salineacademy.com\/fr\/wp-json\/wp\/v2\/media?parent=2628"}],"wp:term":[{"taxonomy":"product_brand","embeddable":true,"href":"https:\/\/www.salineacademy.com\/fr\/wp-json\/wp\/v2\/product_brand?post=2628"},{"taxonomy":"product_cat","embeddable":true,"href":"https:\/\/www.salineacademy.com\/fr\/wp-json\/wp\/v2\/product_cat?post=2628"},{"taxonomy":"product_tag","embeddable":true,"href":"https:\/\/www.salineacademy.com\/fr\/wp-json\/wp\/v2\/product_tag?post=2628"}],"curies":[{"name":"wp","href":"https:\/\/api.w.org\/{rel}","templated":true}]}}