{"id":2676,"date":"2025-08-08T18:07:01","date_gmt":"2025-08-08T16:07:01","guid":{"rendered":"https:\/\/www.salineacademy.com\/replay\/sonate-pour-violoncelle-n-4-en-do-majeur-op-102-1ere-mouvement\/"},"modified":"2025-09-10T16:18:41","modified_gmt":"2025-09-10T14:18:41","slug":"sonate-pour-violoncelle-n-4-en-do-majeur-op-102-1ere-mouvement","status":"publish","type":"product","link":"https:\/\/www.salineacademy.com\/fr\/replay\/sonate-pour-violoncelle-n-4-en-do-majeur-op-102-1ere-mouvement\/","title":{"rendered":"Sonate pour violoncelle n\u00b0 4 en Do majeur, op. 102, 1\u00e8re mouvement"},"content":{"rendered":"<p>Le professeur Yi-Bing Chu et son \u00e9l\u00e8ve Yongqi Lao travaillent sur le tempo, le rythme et la fa\u00e7on de jouer en collaboration avec un accompagnateur.<\/p>\n","protected":false},"excerpt":{"rendered":"<p>Le professeur Yi-Bing Chu et son \u00e9l\u00e8ve Yongqi Lao travaillent sur le tempo, le rythme et la fa\u00e7on de jouer en collaboration avec un accompagnateur.<\/p>\n","protected":false},"featured_media":2674,"template":"","meta":{"_acf_changed":false,"inline_featured_image":false},"product_brand":[],"product_cat":[30],"product_tag":[],"class_list":{"0":"post-2676","1":"product","2":"type-product","3":"status-publish","4":"has-post-thumbnail","6":"product_cat-masterclass","9":"first","10":"instock","11":"virtual","12":"taxable","13":"purchasable","14":"product-type-simple"},"acf":{"professeur":[742],"composer":"Beethoven, Ludwig van","type_de_contenu":"masterclass","slug_video":"BtF8XQkBut","slug_extrait_video":"BA67ul6ZXA","instruments":[35],"photo_de_fond":2674},"_links":{"self":[{"href":"https:\/\/www.salineacademy.com\/fr\/wp-json\/wp\/v2\/product\/2676","targetHints":{"allow":["GET"]}}],"collection":[{"href":"https:\/\/www.salineacademy.com\/fr\/wp-json\/wp\/v2\/product"}],"about":[{"href":"https:\/\/www.salineacademy.com\/fr\/wp-json\/wp\/v2\/types\/product"}],"acf:term":[{"embeddable":true,"taxonomy":"instrument","href":"https:\/\/www.salineacademy.com\/fr\/wp-json\/wp\/v2\/instrument\/35"}],"acf:post":[{"embeddable":true,"href":"https:\/\/www.salineacademy.com\/fr\/wp-json\/wp\/v2\/teacher\/742"}],"wp:featuredmedia":[{"embeddable":true,"href":"https:\/\/www.salineacademy.com\/fr\/wp-json\/wp\/v2\/media\/2674"}],"wp:attachment":[{"href":"https:\/\/www.salineacademy.com\/fr\/wp-json\/wp\/v2\/media?parent=2676"}],"wp:term":[{"taxonomy":"product_brand","embeddable":true,"href":"https:\/\/www.salineacademy.com\/fr\/wp-json\/wp\/v2\/product_brand?post=2676"},{"taxonomy":"product_cat","embeddable":true,"href":"https:\/\/www.salineacademy.com\/fr\/wp-json\/wp\/v2\/product_cat?post=2676"},{"taxonomy":"product_tag","embeddable":true,"href":"https:\/\/www.salineacademy.com\/fr\/wp-json\/wp\/v2\/product_tag?post=2676"}],"curies":[{"name":"wp","href":"https:\/\/api.w.org\/{rel}","templated":true}]}}