{"id":2764,"date":"2025-08-08T18:08:44","date_gmt":"2025-08-08T16:08:44","guid":{"rendered":"https:\/\/www.salineacademy.com\/replay\/danses-populaires-roumaines-1-2-op-8a\/"},"modified":"2025-09-10T16:18:19","modified_gmt":"2025-09-10T14:18:19","slug":"danses-populaires-roumaines-1-2-op-8a","status":"publish","type":"product","link":"https:\/\/www.salineacademy.com\/fr\/replay\/danses-populaires-roumaines-1-2-op-8a\/","title":{"rendered":"Danses populaires roumaines 1 &#038; 2, Op. 8A"},"content":{"rendered":"<p>Jacques Rouvier et Tabea Streicher travaillent sur la pi\u00e8ce pleine de fougue : Danses roumaines 1 et 2 du compositeur hongrois B\u00e9la Bart\u00f3k.<\/p>\n","protected":false},"excerpt":{"rendered":"<p>Jacques Rouvier et Tabea Streicher travaillent sur la pi\u00e8ce pleine de fougue : Danses roumaines 1 et 2 du compositeur hongrois B\u00e9la Bart\u00f3k.<\/p>\n","protected":false},"featured_media":2762,"template":"","meta":{"_acf_changed":false,"inline_featured_image":false},"product_brand":[],"product_cat":[30],"product_tag":[],"class_list":{"0":"post-2764","1":"product","2":"type-product","3":"status-publish","4":"has-post-thumbnail","6":"product_cat-masterclass","9":"first","10":"instock","11":"virtual","12":"taxable","13":"purchasable","14":"product-type-simple"},"acf":{"professeur":[706],"composer":"Bart\u00f3k, B\u00e9la","type_de_contenu":"masterclass","slug_video":"pwa1ZDGwQQ","slug_extrait_video":"kIRZVLhPxl","instruments":[33],"photo_de_fond":2762},"_links":{"self":[{"href":"https:\/\/www.salineacademy.com\/fr\/wp-json\/wp\/v2\/product\/2764","targetHints":{"allow":["GET"]}}],"collection":[{"href":"https:\/\/www.salineacademy.com\/fr\/wp-json\/wp\/v2\/product"}],"about":[{"href":"https:\/\/www.salineacademy.com\/fr\/wp-json\/wp\/v2\/types\/product"}],"acf:term":[{"embeddable":true,"taxonomy":"instrument","href":"https:\/\/www.salineacademy.com\/fr\/wp-json\/wp\/v2\/instrument\/33"}],"acf:post":[{"embeddable":true,"href":"https:\/\/www.salineacademy.com\/fr\/wp-json\/wp\/v2\/teacher\/706"}],"wp:featuredmedia":[{"embeddable":true,"href":"https:\/\/www.salineacademy.com\/fr\/wp-json\/wp\/v2\/media\/2762"}],"wp:attachment":[{"href":"https:\/\/www.salineacademy.com\/fr\/wp-json\/wp\/v2\/media?parent=2764"}],"wp:term":[{"taxonomy":"product_brand","embeddable":true,"href":"https:\/\/www.salineacademy.com\/fr\/wp-json\/wp\/v2\/product_brand?post=2764"},{"taxonomy":"product_cat","embeddable":true,"href":"https:\/\/www.salineacademy.com\/fr\/wp-json\/wp\/v2\/product_cat?post=2764"},{"taxonomy":"product_tag","embeddable":true,"href":"https:\/\/www.salineacademy.com\/fr\/wp-json\/wp\/v2\/product_tag?post=2764"}],"curies":[{"name":"wp","href":"https:\/\/api.w.org\/{rel}","templated":true}]}}