{"id":2804,"date":"2025-08-08T18:09:30","date_gmt":"2025-08-08T16:09:30","guid":{"rendered":"https:\/\/www.salineacademy.com\/replay\/concerto-pour-violoncelle-en-si-mineur-op-104\/"},"modified":"2025-09-10T16:18:09","modified_gmt":"2025-09-10T14:18:09","slug":"concerto-pour-violoncelle-en-si-mineur-op-104","status":"publish","type":"product","link":"https:\/\/www.salineacademy.com\/fr\/replay\/concerto-pour-violoncelle-en-si-mineur-op-104\/","title":{"rendered":"Concerto pour violoncelle en Si mineur, Op. 104"},"content":{"rendered":"<p>Dans cette masterclass, le professeur Sung Won Yang et l&rsquo;\u00e9tudiante Jiyoung Noh travaillent ensemble sur le premier et le deuxi\u00e8me mouvement du Concerto pour violoncelle en Si mineur d&rsquo;Anton\u00edn Dvo\u0159\u00e1k.<\/p>\n","protected":false},"excerpt":{"rendered":"<p>Dans cette masterclass, le professeur Sung Won Yang et l&rsquo;\u00e9tudiante Jiyoung Noh travaillent ensemble sur le premier et le deuxi\u00e8me mouvement du Concerto pour violoncelle en Si mineur d&rsquo;Anton\u00edn Dvo\u0159\u00e1k.<\/p>\n","protected":false},"featured_media":2802,"template":"","meta":{"_acf_changed":false,"inline_featured_image":false},"product_brand":[],"product_cat":[30],"product_tag":[],"class_list":{"0":"post-2804","1":"product","2":"type-product","3":"status-publish","4":"has-post-thumbnail","6":"product_cat-masterclass","9":"first","10":"instock","11":"virtual","12":"taxable","13":"purchasable","14":"product-type-simple"},"acf":{"professeur":[814],"composer":"Dvo\u0159\u00e1k, Anton\u00edn","type_de_contenu":"masterclass","slug_video":"H2g4sB0RGW","slug_extrait_video":"WXVxAaJecl","instruments":[35],"photo_de_fond":2802},"_links":{"self":[{"href":"https:\/\/www.salineacademy.com\/fr\/wp-json\/wp\/v2\/product\/2804","targetHints":{"allow":["GET"]}}],"collection":[{"href":"https:\/\/www.salineacademy.com\/fr\/wp-json\/wp\/v2\/product"}],"about":[{"href":"https:\/\/www.salineacademy.com\/fr\/wp-json\/wp\/v2\/types\/product"}],"acf:term":[{"embeddable":true,"taxonomy":"instrument","href":"https:\/\/www.salineacademy.com\/fr\/wp-json\/wp\/v2\/instrument\/35"}],"acf:post":[{"embeddable":true,"href":"https:\/\/www.salineacademy.com\/fr\/wp-json\/wp\/v2\/teacher\/814"}],"wp:featuredmedia":[{"embeddable":true,"href":"https:\/\/www.salineacademy.com\/fr\/wp-json\/wp\/v2\/media\/2802"}],"wp:attachment":[{"href":"https:\/\/www.salineacademy.com\/fr\/wp-json\/wp\/v2\/media?parent=2804"}],"wp:term":[{"taxonomy":"product_brand","embeddable":true,"href":"https:\/\/www.salineacademy.com\/fr\/wp-json\/wp\/v2\/product_brand?post=2804"},{"taxonomy":"product_cat","embeddable":true,"href":"https:\/\/www.salineacademy.com\/fr\/wp-json\/wp\/v2\/product_cat?post=2804"},{"taxonomy":"product_tag","embeddable":true,"href":"https:\/\/www.salineacademy.com\/fr\/wp-json\/wp\/v2\/product_tag?post=2804"}],"curies":[{"name":"wp","href":"https:\/\/api.w.org\/{rel}","templated":true}]}}