{"id":2868,"date":"2025-08-08T18:10:41","date_gmt":"2025-08-08T16:10:41","guid":{"rendered":"https:\/\/www.salineacademy.com\/replay\/concerto-pour-alto-en-re-majeur-2eme-et-3eme-mouvements\/"},"modified":"2025-09-10T16:17:50","modified_gmt":"2025-09-10T14:17:50","slug":"concerto-pour-alto-en-re-majeur-2eme-et-3eme-mouvements","status":"publish","type":"product","link":"https:\/\/www.salineacademy.com\/fr\/replay\/concerto-pour-alto-en-re-majeur-2eme-et-3eme-mouvements\/","title":{"rendered":"Concerto pour alto en R\u00e9 Majeur, 2\u00e8me et 3\u00e8me mouvements"},"content":{"rendered":"<p>Dans cette masterclass d&rsquo;alto, Isabel Charisius et Fabian Aschwanden travaillent sur des techniques de pratique efficaces, des intonations, etc.<\/p>\n","protected":false},"excerpt":{"rendered":"<p>Dans cette masterclass d&rsquo;alto, Isabel Charisius et Fabian Aschwanden travaillent sur des techniques de pratique efficaces, des intonations, etc.<\/p>\n","protected":false},"featured_media":2866,"template":"","meta":{"_acf_changed":false,"inline_featured_image":false},"product_brand":[],"product_cat":[30],"product_tag":[],"class_list":{"0":"post-2868","1":"product","2":"type-product","3":"status-publish","4":"has-post-thumbnail","6":"product_cat-masterclass","9":"first","10":"instock","11":"virtual","12":"taxable","13":"purchasable","14":"product-type-simple"},"acf":{"professeur":[694],"composer":"Hoffmeister, Franz Anton","type_de_contenu":"masterclass","slug_video":"Dh4Z8yWBR6","slug_extrait_video":"OnJrRFLyAd","instruments":[38],"photo_de_fond":2866},"_links":{"self":[{"href":"https:\/\/www.salineacademy.com\/fr\/wp-json\/wp\/v2\/product\/2868","targetHints":{"allow":["GET"]}}],"collection":[{"href":"https:\/\/www.salineacademy.com\/fr\/wp-json\/wp\/v2\/product"}],"about":[{"href":"https:\/\/www.salineacademy.com\/fr\/wp-json\/wp\/v2\/types\/product"}],"acf:term":[{"embeddable":true,"taxonomy":"instrument","href":"https:\/\/www.salineacademy.com\/fr\/wp-json\/wp\/v2\/instrument\/38"}],"acf:post":[{"embeddable":true,"href":"https:\/\/www.salineacademy.com\/fr\/wp-json\/wp\/v2\/teacher\/694"}],"wp:featuredmedia":[{"embeddable":true,"href":"https:\/\/www.salineacademy.com\/fr\/wp-json\/wp\/v2\/media\/2866"}],"wp:attachment":[{"href":"https:\/\/www.salineacademy.com\/fr\/wp-json\/wp\/v2\/media?parent=2868"}],"wp:term":[{"taxonomy":"product_brand","embeddable":true,"href":"https:\/\/www.salineacademy.com\/fr\/wp-json\/wp\/v2\/product_brand?post=2868"},{"taxonomy":"product_cat","embeddable":true,"href":"https:\/\/www.salineacademy.com\/fr\/wp-json\/wp\/v2\/product_cat?post=2868"},{"taxonomy":"product_tag","embeddable":true,"href":"https:\/\/www.salineacademy.com\/fr\/wp-json\/wp\/v2\/product_tag?post=2868"}],"curies":[{"name":"wp","href":"https:\/\/api.w.org\/{rel}","templated":true}]}}