{"id":2974,"date":"2025-08-08T18:12:41","date_gmt":"2025-08-08T16:12:41","guid":{"rendered":"https:\/\/www.salineacademy.com\/replay\/sonata-no-4-in-e-minor\/"},"modified":"2025-09-10T16:17:25","modified_gmt":"2025-09-10T14:17:25","slug":"sonata-no-4-in-e-minor","status":"publish","type":"product","link":"https:\/\/www.salineacademy.com\/fr\/replay\/sonata-no-4-in-e-minor\/","title":{"rendered":"Sonata No.4 in E minor"},"content":{"rendered":"<p>In this masterclass, professor Krist\u00f3f BAR\u00c1TI and student are working together on Eug\u00e8ne YSA\u0178E&rsquo;s Sonata No.4 in E minor.<\/p>\n","protected":false},"excerpt":{"rendered":"<p>In this masterclass, professor Krist\u00f3f BAR\u00c1TI and student are working together on Eug\u00e8ne YSA\u0178E&rsquo;s Sonata No.4 in E minor.<\/p>\n","protected":false},"featured_media":2972,"template":"","meta":{"_acf_changed":false,"inline_featured_image":false},"product_brand":[],"product_cat":[30],"product_tag":[],"class_list":{"0":"post-2974","1":"product","2":"type-product","3":"status-publish","4":"has-post-thumbnail","6":"product_cat-masterclass","9":"first","10":"instock","11":"virtual","12":"taxable","13":"purchasable","14":"product-type-simple"},"acf":{"professeur":[826],"composer":"Ysa\u00ffe, Eug\u00e8ne","type_de_contenu":"masterclass","slug_video":"QU6yU38w3u","slug_extrait_video":"PSIQG3pKoC","instruments":[34],"photo_de_fond":2972},"_links":{"self":[{"href":"https:\/\/www.salineacademy.com\/fr\/wp-json\/wp\/v2\/product\/2974","targetHints":{"allow":["GET"]}}],"collection":[{"href":"https:\/\/www.salineacademy.com\/fr\/wp-json\/wp\/v2\/product"}],"about":[{"href":"https:\/\/www.salineacademy.com\/fr\/wp-json\/wp\/v2\/types\/product"}],"acf:term":[{"embeddable":true,"taxonomy":"instrument","href":"https:\/\/www.salineacademy.com\/fr\/wp-json\/wp\/v2\/instrument\/34"}],"acf:post":[{"embeddable":true,"href":"https:\/\/www.salineacademy.com\/fr\/wp-json\/wp\/v2\/teacher\/826"}],"wp:featuredmedia":[{"embeddable":true,"href":"https:\/\/www.salineacademy.com\/fr\/wp-json\/wp\/v2\/media\/2972"}],"wp:attachment":[{"href":"https:\/\/www.salineacademy.com\/fr\/wp-json\/wp\/v2\/media?parent=2974"}],"wp:term":[{"taxonomy":"product_brand","embeddable":true,"href":"https:\/\/www.salineacademy.com\/fr\/wp-json\/wp\/v2\/product_brand?post=2974"},{"taxonomy":"product_cat","embeddable":true,"href":"https:\/\/www.salineacademy.com\/fr\/wp-json\/wp\/v2\/product_cat?post=2974"},{"taxonomy":"product_tag","embeddable":true,"href":"https:\/\/www.salineacademy.com\/fr\/wp-json\/wp\/v2\/product_tag?post=2974"}],"curies":[{"name":"wp","href":"https:\/\/api.w.org\/{rel}","templated":true}]}}