{"id":3006,"date":"2025-08-08T18:13:20","date_gmt":"2025-08-08T16:13:20","guid":{"rendered":"https:\/\/www.salineacademy.com\/replay\/linconstante\/"},"modified":"2025-09-10T16:17:17","modified_gmt":"2025-09-10T14:17:17","slug":"linconstante","status":"publish","type":"product","link":"https:\/\/www.salineacademy.com\/fr\/replay\/linconstante\/","title":{"rendered":"L&rsquo;inconstante"},"content":{"rendered":"<p>Fran\u00e7ois Le Roux et Tomoyo Hayada travaillent la diction et d&rsquo;autres \u00e9l\u00e9ments dans cette le\u00e7on de voix.<\/p>\n","protected":false},"excerpt":{"rendered":"<p>Fran\u00e7ois Le Roux et Tomoyo Hayada travaillent la diction et d&rsquo;autres \u00e9l\u00e9ments dans cette le\u00e7on de voix.<\/p>\n","protected":false},"featured_media":3004,"template":"","meta":{"_acf_changed":false,"inline_featured_image":false},"product_brand":[],"product_cat":[30],"product_tag":[],"class_list":{"0":"post-3006","1":"product","2":"type-product","3":"status-publish","4":"has-post-thumbnail","6":"product_cat-masterclass","9":"first","10":"instock","11":"virtual","12":"taxable","13":"purchasable","14":"product-type-simple"},"acf":{"professeur":[724],"composer":"Aboulker, Isabelle","type_de_contenu":"masterclass","slug_video":"G8y1IV09QD","slug_extrait_video":"ZLFbkAEROX","instruments":[42],"photo_de_fond":3004},"_links":{"self":[{"href":"https:\/\/www.salineacademy.com\/fr\/wp-json\/wp\/v2\/product\/3006","targetHints":{"allow":["GET"]}}],"collection":[{"href":"https:\/\/www.salineacademy.com\/fr\/wp-json\/wp\/v2\/product"}],"about":[{"href":"https:\/\/www.salineacademy.com\/fr\/wp-json\/wp\/v2\/types\/product"}],"acf:term":[{"embeddable":true,"taxonomy":"instrument","href":"https:\/\/www.salineacademy.com\/fr\/wp-json\/wp\/v2\/instrument\/42"}],"acf:post":[{"embeddable":true,"href":"https:\/\/www.salineacademy.com\/fr\/wp-json\/wp\/v2\/teacher\/724"}],"wp:featuredmedia":[{"embeddable":true,"href":"https:\/\/www.salineacademy.com\/fr\/wp-json\/wp\/v2\/media\/3004"}],"wp:attachment":[{"href":"https:\/\/www.salineacademy.com\/fr\/wp-json\/wp\/v2\/media?parent=3006"}],"wp:term":[{"taxonomy":"product_brand","embeddable":true,"href":"https:\/\/www.salineacademy.com\/fr\/wp-json\/wp\/v2\/product_brand?post=3006"},{"taxonomy":"product_cat","embeddable":true,"href":"https:\/\/www.salineacademy.com\/fr\/wp-json\/wp\/v2\/product_cat?post=3006"},{"taxonomy":"product_tag","embeddable":true,"href":"https:\/\/www.salineacademy.com\/fr\/wp-json\/wp\/v2\/product_tag?post=3006"}],"curies":[{"name":"wp","href":"https:\/\/api.w.org\/{rel}","templated":true}]}}