{"id":3074,"date":"2025-08-08T18:14:37","date_gmt":"2025-08-08T16:14:37","guid":{"rendered":"https:\/\/www.salineacademy.com\/replay\/symphonie-espagnole-3eme-mouvement\/"},"modified":"2025-09-10T16:17:00","modified_gmt":"2025-09-10T14:17:00","slug":"symphonie-espagnole-3eme-mouvement","status":"publish","type":"product","link":"https:\/\/www.salineacademy.com\/fr\/replay\/symphonie-espagnole-3eme-mouvement\/","title":{"rendered":"Symphonie espagnole, 3\u00e8me mouvement"},"content":{"rendered":"<p>Tedi Papavrami et Oriane Perrin explorent le caract\u00e8re de l&rsquo;\u0153uvre, ainsi que les techniques d&rsquo;archet, le doigt\u00e9, etc.<\/p>\n","protected":false},"excerpt":{"rendered":"<p>Tedi Papavrami et Oriane Perrin explorent le caract\u00e8re de l&rsquo;\u0153uvre, ainsi que les techniques d&rsquo;archet, le doigt\u00e9, etc.<\/p>\n","protected":false},"featured_media":3072,"template":"","meta":{"_acf_changed":false,"inline_featured_image":false},"product_brand":[],"product_cat":[30],"product_tag":[],"class_list":{"0":"post-3074","1":"product","2":"type-product","3":"status-publish","4":"has-post-thumbnail","6":"product_cat-masterclass","9":"first","10":"instock","11":"virtual","12":"taxable","13":"purchasable","14":"product-type-simple"},"acf":{"professeur":[664],"composer":"Lalo, Edouard","type_de_contenu":"masterclass","slug_video":"v1x4Q1HY6A","slug_extrait_video":"zCAnYHerCy","instruments":[34],"photo_de_fond":3072},"_links":{"self":[{"href":"https:\/\/www.salineacademy.com\/fr\/wp-json\/wp\/v2\/product\/3074","targetHints":{"allow":["GET"]}}],"collection":[{"href":"https:\/\/www.salineacademy.com\/fr\/wp-json\/wp\/v2\/product"}],"about":[{"href":"https:\/\/www.salineacademy.com\/fr\/wp-json\/wp\/v2\/types\/product"}],"acf:term":[{"embeddable":true,"taxonomy":"instrument","href":"https:\/\/www.salineacademy.com\/fr\/wp-json\/wp\/v2\/instrument\/34"}],"acf:post":[{"embeddable":true,"href":"https:\/\/www.salineacademy.com\/fr\/wp-json\/wp\/v2\/teacher\/664"}],"wp:featuredmedia":[{"embeddable":true,"href":"https:\/\/www.salineacademy.com\/fr\/wp-json\/wp\/v2\/media\/3072"}],"wp:attachment":[{"href":"https:\/\/www.salineacademy.com\/fr\/wp-json\/wp\/v2\/media?parent=3074"}],"wp:term":[{"taxonomy":"product_brand","embeddable":true,"href":"https:\/\/www.salineacademy.com\/fr\/wp-json\/wp\/v2\/product_brand?post=3074"},{"taxonomy":"product_cat","embeddable":true,"href":"https:\/\/www.salineacademy.com\/fr\/wp-json\/wp\/v2\/product_cat?post=3074"},{"taxonomy":"product_tag","embeddable":true,"href":"https:\/\/www.salineacademy.com\/fr\/wp-json\/wp\/v2\/product_tag?post=3074"}],"curies":[{"name":"wp","href":"https:\/\/api.w.org\/{rel}","templated":true}]}}