{"id":3098,"date":"2025-08-08T18:15:05","date_gmt":"2025-08-08T16:15:05","guid":{"rendered":"https:\/\/www.salineacademy.com\/replay\/sonate-pour-violon-en-mi-bemol-majeur-op-18\/"},"modified":"2025-09-10T16:16:54","modified_gmt":"2025-09-10T14:16:54","slug":"sonate-pour-violon-en-mi-bemol-majeur-op-18","status":"publish","type":"product","link":"https:\/\/www.salineacademy.com\/fr\/replay\/sonate-pour-violon-en-mi-bemol-majeur-op-18\/","title":{"rendered":"Sonate pour violon en Mi b\u00e9mol Majeur, Op. 18"},"content":{"rendered":"<p>Dans cette session, Mihaela Martin souligne des probl\u00e8mes li\u00e9s \u00e0 l&rsquo;\u00e9nergie ou physique que les \u00e9tudiants rencontrent lors de l&rsquo;interpr\u00e9tation de cette oeuvre.<\/p>\n","protected":false},"excerpt":{"rendered":"<p>Dans cette session, Mihaela Martin souligne des probl\u00e8mes li\u00e9s \u00e0 l&rsquo;\u00e9nergie ou physique que les \u00e9tudiants rencontrent lors de l&rsquo;interpr\u00e9tation de cette oeuvre.<\/p>\n","protected":false},"featured_media":3096,"template":"","meta":{"_acf_changed":false,"inline_featured_image":false},"product_brand":[],"product_cat":[30],"product_tag":[],"class_list":{"0":"post-3098","1":"product","2":"type-product","3":"status-publish","4":"has-post-thumbnail","6":"product_cat-masterclass","9":"first","10":"instock","11":"virtual","12":"taxable","13":"purchasable","14":"product-type-simple"},"acf":{"professeur":[709],"composer":"Strauss, Richard","type_de_contenu":"masterclass","slug_video":"GrYca6j6jp","slug_extrait_video":"WZbvKVZsfo","instruments":[34],"photo_de_fond":3096},"_links":{"self":[{"href":"https:\/\/www.salineacademy.com\/fr\/wp-json\/wp\/v2\/product\/3098","targetHints":{"allow":["GET"]}}],"collection":[{"href":"https:\/\/www.salineacademy.com\/fr\/wp-json\/wp\/v2\/product"}],"about":[{"href":"https:\/\/www.salineacademy.com\/fr\/wp-json\/wp\/v2\/types\/product"}],"acf:term":[{"embeddable":true,"taxonomy":"instrument","href":"https:\/\/www.salineacademy.com\/fr\/wp-json\/wp\/v2\/instrument\/34"}],"acf:post":[{"embeddable":true,"href":"https:\/\/www.salineacademy.com\/fr\/wp-json\/wp\/v2\/teacher\/709"}],"wp:featuredmedia":[{"embeddable":true,"href":"https:\/\/www.salineacademy.com\/fr\/wp-json\/wp\/v2\/media\/3096"}],"wp:attachment":[{"href":"https:\/\/www.salineacademy.com\/fr\/wp-json\/wp\/v2\/media?parent=3098"}],"wp:term":[{"taxonomy":"product_brand","embeddable":true,"href":"https:\/\/www.salineacademy.com\/fr\/wp-json\/wp\/v2\/product_brand?post=3098"},{"taxonomy":"product_cat","embeddable":true,"href":"https:\/\/www.salineacademy.com\/fr\/wp-json\/wp\/v2\/product_cat?post=3098"},{"taxonomy":"product_tag","embeddable":true,"href":"https:\/\/www.salineacademy.com\/fr\/wp-json\/wp\/v2\/product_tag?post=3098"}],"curies":[{"name":"wp","href":"https:\/\/api.w.org\/{rel}","templated":true}]}}