{"id":3102,"date":"2025-08-08T18:15:10","date_gmt":"2025-08-08T16:15:10","guid":{"rendered":"https:\/\/www.salineacademy.com\/replay\/partita-nr-2\/"},"modified":"2025-09-10T16:16:53","modified_gmt":"2025-09-10T14:16:53","slug":"partita-nr-2","status":"publish","type":"product","link":"https:\/\/www.salineacademy.com\/fr\/replay\/partita-nr-2\/","title":{"rendered":"Partita Nr. 2"},"content":{"rendered":"<p>Dans cette s\u00e9ance, le pianiste Jacques Rouvier et son \u00e9l\u00e8ve Julien Braidi travaillent \u00e0 guider la musique et \u00e0 d\u00e9terminer la trajectoire de la pi\u00e8ce.<\/p>\n","protected":false},"excerpt":{"rendered":"<p>Dans cette s\u00e9ance, le pianiste Jacques Rouvier et son \u00e9l\u00e8ve Julien Braidi travaillent \u00e0 guider la musique et \u00e0 d\u00e9terminer la trajectoire de la pi\u00e8ce.<\/p>\n","protected":false},"featured_media":3100,"template":"","meta":{"_acf_changed":false,"inline_featured_image":false},"product_brand":[],"product_cat":[30],"product_tag":[],"class_list":{"0":"post-3102","1":"product","2":"type-product","3":"status-publish","4":"has-post-thumbnail","6":"product_cat-masterclass","9":"first","10":"instock","11":"virtual","12":"taxable","13":"purchasable","14":"product-type-simple"},"acf":{"professeur":[706],"composer":"Bach, Johann Sebastian","type_de_contenu":"masterclass","slug_video":"d7hqxuHPw6","slug_extrait_video":"HQyvtpj7Mz","instruments":[33],"photo_de_fond":3100},"_links":{"self":[{"href":"https:\/\/www.salineacademy.com\/fr\/wp-json\/wp\/v2\/product\/3102","targetHints":{"allow":["GET"]}}],"collection":[{"href":"https:\/\/www.salineacademy.com\/fr\/wp-json\/wp\/v2\/product"}],"about":[{"href":"https:\/\/www.salineacademy.com\/fr\/wp-json\/wp\/v2\/types\/product"}],"acf:term":[{"embeddable":true,"taxonomy":"instrument","href":"https:\/\/www.salineacademy.com\/fr\/wp-json\/wp\/v2\/instrument\/33"}],"acf:post":[{"embeddable":true,"href":"https:\/\/www.salineacademy.com\/fr\/wp-json\/wp\/v2\/teacher\/706"}],"wp:featuredmedia":[{"embeddable":true,"href":"https:\/\/www.salineacademy.com\/fr\/wp-json\/wp\/v2\/media\/3100"}],"wp:attachment":[{"href":"https:\/\/www.salineacademy.com\/fr\/wp-json\/wp\/v2\/media?parent=3102"}],"wp:term":[{"taxonomy":"product_brand","embeddable":true,"href":"https:\/\/www.salineacademy.com\/fr\/wp-json\/wp\/v2\/product_brand?post=3102"},{"taxonomy":"product_cat","embeddable":true,"href":"https:\/\/www.salineacademy.com\/fr\/wp-json\/wp\/v2\/product_cat?post=3102"},{"taxonomy":"product_tag","embeddable":true,"href":"https:\/\/www.salineacademy.com\/fr\/wp-json\/wp\/v2\/product_tag?post=3102"}],"curies":[{"name":"wp","href":"https:\/\/api.w.org\/{rel}","templated":true}]}}