{"id":3200,"date":"2025-08-08T18:17:01","date_gmt":"2025-08-08T16:17:01","guid":{"rendered":"https:\/\/www.salineacademy.com\/replay\/concerto-pour-violon-en-re-majeur-op-77-version-2\/"},"modified":"2025-09-10T16:16:29","modified_gmt":"2025-09-10T14:16:29","slug":"concerto-pour-violon-en-re-majeur-op-77-version-2","status":"publish","type":"product","link":"https:\/\/www.salineacademy.com\/fr\/replay\/concerto-pour-violon-en-re-majeur-op-77-version-2\/","title":{"rendered":"Concerto pour violon en R\u00e9 Majeur, Op. 77, version 2"},"content":{"rendered":"<p>Dans cette masterclass, Miriam Fried travaille avec son \u00e9l\u00e8ve Clara Messina sur la vitesse, la respiration et d&rsquo;autres \u00e9l\u00e9ments.<\/p>\n","protected":false},"excerpt":{"rendered":"<p>Dans cette masterclass, Miriam Fried travaille avec son \u00e9l\u00e8ve Clara Messina sur la vitesse, la respiration et d&rsquo;autres \u00e9l\u00e9ments.<\/p>\n","protected":false},"featured_media":3198,"template":"","meta":{"_acf_changed":false,"inline_featured_image":false},"product_brand":[],"product_cat":[30],"product_tag":[],"class_list":{"0":"post-3200","1":"product","2":"type-product","3":"status-publish","4":"has-post-thumbnail","6":"product_cat-masterclass","9":"first","10":"instock","11":"virtual","12":"taxable","13":"purchasable","14":"product-type-simple"},"acf":{"professeur":[673],"composer":"Brahms, Johannes","type_de_contenu":"masterclass","slug_video":"nEUQXQ4XIs","slug_extrait_video":"jQqoDasM88","instruments":[34],"photo_de_fond":3198},"_links":{"self":[{"href":"https:\/\/www.salineacademy.com\/fr\/wp-json\/wp\/v2\/product\/3200","targetHints":{"allow":["GET"]}}],"collection":[{"href":"https:\/\/www.salineacademy.com\/fr\/wp-json\/wp\/v2\/product"}],"about":[{"href":"https:\/\/www.salineacademy.com\/fr\/wp-json\/wp\/v2\/types\/product"}],"acf:term":[{"embeddable":true,"taxonomy":"instrument","href":"https:\/\/www.salineacademy.com\/fr\/wp-json\/wp\/v2\/instrument\/34"}],"acf:post":[{"embeddable":true,"href":"https:\/\/www.salineacademy.com\/fr\/wp-json\/wp\/v2\/teacher\/673"}],"wp:featuredmedia":[{"embeddable":true,"href":"https:\/\/www.salineacademy.com\/fr\/wp-json\/wp\/v2\/media\/3198"}],"wp:attachment":[{"href":"https:\/\/www.salineacademy.com\/fr\/wp-json\/wp\/v2\/media?parent=3200"}],"wp:term":[{"taxonomy":"product_brand","embeddable":true,"href":"https:\/\/www.salineacademy.com\/fr\/wp-json\/wp\/v2\/product_brand?post=3200"},{"taxonomy":"product_cat","embeddable":true,"href":"https:\/\/www.salineacademy.com\/fr\/wp-json\/wp\/v2\/product_cat?post=3200"},{"taxonomy":"product_tag","embeddable":true,"href":"https:\/\/www.salineacademy.com\/fr\/wp-json\/wp\/v2\/product_tag?post=3200"}],"curies":[{"name":"wp","href":"https:\/\/api.w.org\/{rel}","templated":true}]}}