{"id":3264,"date":"2025-08-08T18:18:08","date_gmt":"2025-08-08T16:18:08","guid":{"rendered":"https:\/\/www.salineacademy.com\/replay\/suite-pour-violoncelle-n-6\/"},"modified":"2025-09-10T16:16:13","modified_gmt":"2025-09-10T14:16:13","slug":"suite-pour-violoncelle-n-6","status":"publish","type":"product","link":"https:\/\/www.salineacademy.com\/fr\/replay\/suite-pour-violoncelle-n-6\/","title":{"rendered":"Suite pour violoncelle n\u00b0 6"},"content":{"rendered":"<p>Dans cette masterclass pour violoncelle, Alexander Chaushian et son \u00e9l\u00e8ve Ingrid Hwang se concentrent sur le phras\u00e9 parmi d&rsquo;autres sujets pertinents.<\/p>\n","protected":false},"excerpt":{"rendered":"<p>Dans cette masterclass pour violoncelle, Alexander Chaushian et son \u00e9l\u00e8ve Ingrid Hwang se concentrent sur le phras\u00e9 parmi d&rsquo;autres sujets pertinents.<\/p>\n","protected":false},"featured_media":3262,"template":"","meta":{"_acf_changed":false,"inline_featured_image":false},"product_brand":[],"product_cat":[30],"product_tag":[],"class_list":{"0":"post-3264","1":"product","2":"type-product","3":"status-publish","4":"has-post-thumbnail","6":"product_cat-masterclass","9":"first","10":"instock","11":"virtual","12":"taxable","13":"purchasable","14":"product-type-simple"},"acf":{"professeur":[766],"composer":"Bach, Johann Sebastian","type_de_contenu":"masterclass","slug_video":"4L6XBl7pUY","slug_extrait_video":"wFi2cvWkUd","instruments":[35],"photo_de_fond":3262},"_links":{"self":[{"href":"https:\/\/www.salineacademy.com\/fr\/wp-json\/wp\/v2\/product\/3264","targetHints":{"allow":["GET"]}}],"collection":[{"href":"https:\/\/www.salineacademy.com\/fr\/wp-json\/wp\/v2\/product"}],"about":[{"href":"https:\/\/www.salineacademy.com\/fr\/wp-json\/wp\/v2\/types\/product"}],"acf:term":[{"embeddable":true,"taxonomy":"instrument","href":"https:\/\/www.salineacademy.com\/fr\/wp-json\/wp\/v2\/instrument\/35"}],"acf:post":[{"embeddable":true,"href":"https:\/\/www.salineacademy.com\/fr\/wp-json\/wp\/v2\/teacher\/766"}],"wp:featuredmedia":[{"embeddable":true,"href":"https:\/\/www.salineacademy.com\/fr\/wp-json\/wp\/v2\/media\/3262"}],"wp:attachment":[{"href":"https:\/\/www.salineacademy.com\/fr\/wp-json\/wp\/v2\/media?parent=3264"}],"wp:term":[{"taxonomy":"product_brand","embeddable":true,"href":"https:\/\/www.salineacademy.com\/fr\/wp-json\/wp\/v2\/product_brand?post=3264"},{"taxonomy":"product_cat","embeddable":true,"href":"https:\/\/www.salineacademy.com\/fr\/wp-json\/wp\/v2\/product_cat?post=3264"},{"taxonomy":"product_tag","embeddable":true,"href":"https:\/\/www.salineacademy.com\/fr\/wp-json\/wp\/v2\/product_tag?post=3264"}],"curies":[{"name":"wp","href":"https:\/\/api.w.org\/{rel}","templated":true}]}}