{"id":3444,"date":"2025-08-08T18:21:53","date_gmt":"2025-08-08T16:21:53","guid":{"rendered":"https:\/\/www.salineacademy.com\/replay\/violin-concerto-no-1-sz-36-1st-2nd-movements\/"},"modified":"2025-09-10T16:15:28","modified_gmt":"2025-09-10T14:15:28","slug":"violin-concerto-no-1-sz-36-1st-2nd-movements","status":"publish","type":"product","link":"https:\/\/www.salineacademy.com\/fr\/replay\/violin-concerto-no-1-sz-36-1st-2nd-movements\/","title":{"rendered":"Violin Concerto No. 1, Sz. 36, 1st, 2nd movements"},"content":{"rendered":"<p>Gy\u00f6rgy Pauk et Anatol Toth travaillent sur l&#039;archet et le doigt\u00e9, entre autres sujets int\u00e9ressants, dans cette masterclass pour violon.<\/p>\n","protected":false},"excerpt":{"rendered":"<p>Gy\u00f6rgy Pauk et Anatol Toth travaillent sur l&#039;archet et le doigt\u00e9, entre autres sujets int\u00e9ressants, dans cette masterclass pour violon.<\/p>\n","protected":false},"featured_media":3442,"template":"","meta":{"_acf_changed":false,"inline_featured_image":false},"product_brand":[],"product_cat":[30],"product_tag":[],"class_list":{"0":"post-3444","1":"product","2":"type-product","3":"status-publish","4":"has-post-thumbnail","6":"product_cat-masterclass","9":"first","10":"instock","11":"virtual","12":"taxable","13":"purchasable","14":"product-type-simple"},"acf":{"professeur":[733],"composer":"Bart\u00f3k, B\u00e9la","type_de_contenu":"masterclass","slug_video":"vetCmehPqM","slug_extrait_video":"UbN90z48kR","instruments":[34],"photo_de_fond":3442},"_links":{"self":[{"href":"https:\/\/www.salineacademy.com\/fr\/wp-json\/wp\/v2\/product\/3444","targetHints":{"allow":["GET"]}}],"collection":[{"href":"https:\/\/www.salineacademy.com\/fr\/wp-json\/wp\/v2\/product"}],"about":[{"href":"https:\/\/www.salineacademy.com\/fr\/wp-json\/wp\/v2\/types\/product"}],"acf:term":[{"embeddable":true,"taxonomy":"instrument","href":"https:\/\/www.salineacademy.com\/fr\/wp-json\/wp\/v2\/instrument\/34"}],"acf:post":[{"embeddable":true,"href":"https:\/\/www.salineacademy.com\/fr\/wp-json\/wp\/v2\/teacher\/733"}],"wp:featuredmedia":[{"embeddable":true,"href":"https:\/\/www.salineacademy.com\/fr\/wp-json\/wp\/v2\/media\/3442"}],"wp:attachment":[{"href":"https:\/\/www.salineacademy.com\/fr\/wp-json\/wp\/v2\/media?parent=3444"}],"wp:term":[{"taxonomy":"product_brand","embeddable":true,"href":"https:\/\/www.salineacademy.com\/fr\/wp-json\/wp\/v2\/product_brand?post=3444"},{"taxonomy":"product_cat","embeddable":true,"href":"https:\/\/www.salineacademy.com\/fr\/wp-json\/wp\/v2\/product_cat?post=3444"},{"taxonomy":"product_tag","embeddable":true,"href":"https:\/\/www.salineacademy.com\/fr\/wp-json\/wp\/v2\/product_tag?post=3444"}],"curies":[{"name":"wp","href":"https:\/\/api.w.org\/{rel}","templated":true}]}}