{"id":3522,"date":"2025-08-08T18:23:27","date_gmt":"2025-08-08T16:23:27","guid":{"rendered":"https:\/\/www.salineacademy.com\/replay\/prelude-et-fugue-en-sol-majeur\/"},"modified":"2025-09-10T16:15:09","modified_gmt":"2025-09-10T14:15:09","slug":"prelude-et-fugue-en-sol-majeur","status":"publish","type":"product","link":"https:\/\/www.salineacademy.com\/fr\/replay\/prelude-et-fugue-en-sol-majeur\/","title":{"rendered":"Pr\u00e9lude et Fugue en Sol Majeur"},"content":{"rendered":"<p>Jean-Fran\u00e7ois Heisser et son \u00e9l\u00e8ve Louna Crissovelonis discutent du tempo, de la direction musicale et du doigt\u00e9.<\/p>\n","protected":false},"excerpt":{"rendered":"<p>Jean-Fran\u00e7ois Heisser et son \u00e9l\u00e8ve Louna Crissovelonis discutent du tempo, de la direction musicale et du doigt\u00e9.<\/p>\n","protected":false},"featured_media":3520,"template":"","meta":{"_acf_changed":false,"inline_featured_image":false},"product_brand":[],"product_cat":[30],"product_tag":[],"class_list":{"0":"post-3522","1":"product","2":"type-product","3":"status-publish","4":"has-post-thumbnail","6":"product_cat-masterclass","9":"first","10":"instock","11":"virtual","12":"taxable","13":"purchasable","14":"product-type-simple"},"acf":{"professeur":[688],"composer":"Bach, Johann Sebastian","type_de_contenu":"masterclass","slug_video":"HQNUP2NL3n","slug_extrait_video":"ny2aYjZpgF","instruments":[33],"photo_de_fond":3520},"_links":{"self":[{"href":"https:\/\/www.salineacademy.com\/fr\/wp-json\/wp\/v2\/product\/3522","targetHints":{"allow":["GET"]}}],"collection":[{"href":"https:\/\/www.salineacademy.com\/fr\/wp-json\/wp\/v2\/product"}],"about":[{"href":"https:\/\/www.salineacademy.com\/fr\/wp-json\/wp\/v2\/types\/product"}],"acf:term":[{"embeddable":true,"taxonomy":"instrument","href":"https:\/\/www.salineacademy.com\/fr\/wp-json\/wp\/v2\/instrument\/33"}],"acf:post":[{"embeddable":true,"href":"https:\/\/www.salineacademy.com\/fr\/wp-json\/wp\/v2\/teacher\/688"}],"wp:featuredmedia":[{"embeddable":true,"href":"https:\/\/www.salineacademy.com\/fr\/wp-json\/wp\/v2\/media\/3520"}],"wp:attachment":[{"href":"https:\/\/www.salineacademy.com\/fr\/wp-json\/wp\/v2\/media?parent=3522"}],"wp:term":[{"taxonomy":"product_brand","embeddable":true,"href":"https:\/\/www.salineacademy.com\/fr\/wp-json\/wp\/v2\/product_brand?post=3522"},{"taxonomy":"product_cat","embeddable":true,"href":"https:\/\/www.salineacademy.com\/fr\/wp-json\/wp\/v2\/product_cat?post=3522"},{"taxonomy":"product_tag","embeddable":true,"href":"https:\/\/www.salineacademy.com\/fr\/wp-json\/wp\/v2\/product_tag?post=3522"}],"curies":[{"name":"wp","href":"https:\/\/api.w.org\/{rel}","templated":true}]}}