{"id":3568,"date":"2025-08-08T18:24:24","date_gmt":"2025-08-08T16:24:24","guid":{"rendered":"https:\/\/www.salineacademy.com\/replay\/variations-on-an-original-theme-op-21-no-1\/"},"modified":"2025-09-10T16:14:58","modified_gmt":"2025-09-10T14:14:58","slug":"variations-on-an-original-theme-op-21-no-1","status":"publish","type":"product","link":"https:\/\/www.salineacademy.com\/fr\/replay\/variations-on-an-original-theme-op-21-no-1\/","title":{"rendered":"Variations on an Original Theme, Op. 21 No.1"},"content":{"rendered":"<p>Marie-Jos\u00e8phe Jude et son \u00e9l\u00e8ve Arthur Gautier travaillent la formation d&#039;une trajectoire musicale, la compr\u00e9hension de la hi\u00e9rarchie des notes, et d&#039;autres sujets pertinents dans cette le\u00e7on de piano.<\/p>\n","protected":false},"excerpt":{"rendered":"<p>Marie-Jos\u00e8phe Jude et son \u00e9l\u00e8ve Arthur Gautier travaillent la formation d&#039;une trajectoire musicale, la compr\u00e9hension de la hi\u00e9rarchie des notes, et d&#039;autres sujets pertinents dans cette le\u00e7on de piano.<\/p>\n","protected":false},"featured_media":3566,"template":"","meta":{"_acf_changed":false,"inline_featured_image":false},"product_brand":[],"product_cat":[30],"product_tag":[],"class_list":{"0":"post-3568","1":"product","2":"type-product","3":"status-publish","4":"has-post-thumbnail","6":"product_cat-masterclass","9":"first","10":"instock","11":"virtual","12":"taxable","13":"purchasable","14":"product-type-simple"},"acf":{"professeur":[736],"composer":"Brahms, Johannes","type_de_contenu":"masterclass","slug_video":"bOIoAzudYM","slug_extrait_video":"EAQcWACSbV","instruments":[33],"photo_de_fond":3566},"_links":{"self":[{"href":"https:\/\/www.salineacademy.com\/fr\/wp-json\/wp\/v2\/product\/3568","targetHints":{"allow":["GET"]}}],"collection":[{"href":"https:\/\/www.salineacademy.com\/fr\/wp-json\/wp\/v2\/product"}],"about":[{"href":"https:\/\/www.salineacademy.com\/fr\/wp-json\/wp\/v2\/types\/product"}],"acf:term":[{"embeddable":true,"taxonomy":"instrument","href":"https:\/\/www.salineacademy.com\/fr\/wp-json\/wp\/v2\/instrument\/33"}],"acf:post":[{"embeddable":true,"href":"https:\/\/www.salineacademy.com\/fr\/wp-json\/wp\/v2\/teacher\/736"}],"wp:featuredmedia":[{"embeddable":true,"href":"https:\/\/www.salineacademy.com\/fr\/wp-json\/wp\/v2\/media\/3566"}],"wp:attachment":[{"href":"https:\/\/www.salineacademy.com\/fr\/wp-json\/wp\/v2\/media?parent=3568"}],"wp:term":[{"taxonomy":"product_brand","embeddable":true,"href":"https:\/\/www.salineacademy.com\/fr\/wp-json\/wp\/v2\/product_brand?post=3568"},{"taxonomy":"product_cat","embeddable":true,"href":"https:\/\/www.salineacademy.com\/fr\/wp-json\/wp\/v2\/product_cat?post=3568"},{"taxonomy":"product_tag","embeddable":true,"href":"https:\/\/www.salineacademy.com\/fr\/wp-json\/wp\/v2\/product_tag?post=3568"}],"curies":[{"name":"wp","href":"https:\/\/api.w.org\/{rel}","templated":true}]}}