{"id":3584,"date":"2025-08-08T18:24:43","date_gmt":"2025-08-08T16:24:43","guid":{"rendered":"https:\/\/www.salineacademy.com\/replay\/loiseau-de-feu\/"},"modified":"2025-09-10T16:14:54","modified_gmt":"2025-09-10T14:14:54","slug":"loiseau-de-feu","status":"publish","type":"product","link":"https:\/\/www.salineacademy.com\/fr\/replay\/loiseau-de-feu\/","title":{"rendered":"L&rsquo;oiseau de feu"},"content":{"rendered":"<p>Le professeur Jean-Fran\u00e7ois Heisser et son \u00e9l\u00e8ve Rodolphe Menguy abordent l&rsquo;\u00e9quilibre entre le son, le phras\u00e9, etc.<\/p>\n","protected":false},"excerpt":{"rendered":"<p>Le professeur Jean-Fran\u00e7ois Heisser et son \u00e9l\u00e8ve Rodolphe Menguy abordent l&rsquo;\u00e9quilibre entre le son, le phras\u00e9, etc.<\/p>\n","protected":false},"featured_media":3582,"template":"","meta":{"_acf_changed":false,"inline_featured_image":false},"product_brand":[],"product_cat":[30],"product_tag":[],"class_list":{"0":"post-3584","1":"product","2":"type-product","3":"status-publish","4":"has-post-thumbnail","6":"product_cat-masterclass","9":"first","10":"instock","11":"virtual","12":"taxable","13":"purchasable","14":"product-type-simple"},"acf":{"professeur":[688],"composer":"Stravinsky, Igor","type_de_contenu":"masterclass","slug_video":"5wsLu1uQy8","slug_extrait_video":"BvLBGDJqHA","instruments":[33],"photo_de_fond":3582},"_links":{"self":[{"href":"https:\/\/www.salineacademy.com\/fr\/wp-json\/wp\/v2\/product\/3584","targetHints":{"allow":["GET"]}}],"collection":[{"href":"https:\/\/www.salineacademy.com\/fr\/wp-json\/wp\/v2\/product"}],"about":[{"href":"https:\/\/www.salineacademy.com\/fr\/wp-json\/wp\/v2\/types\/product"}],"acf:term":[{"embeddable":true,"taxonomy":"instrument","href":"https:\/\/www.salineacademy.com\/fr\/wp-json\/wp\/v2\/instrument\/33"}],"acf:post":[{"embeddable":true,"href":"https:\/\/www.salineacademy.com\/fr\/wp-json\/wp\/v2\/teacher\/688"}],"wp:featuredmedia":[{"embeddable":true,"href":"https:\/\/www.salineacademy.com\/fr\/wp-json\/wp\/v2\/media\/3582"}],"wp:attachment":[{"href":"https:\/\/www.salineacademy.com\/fr\/wp-json\/wp\/v2\/media?parent=3584"}],"wp:term":[{"taxonomy":"product_brand","embeddable":true,"href":"https:\/\/www.salineacademy.com\/fr\/wp-json\/wp\/v2\/product_brand?post=3584"},{"taxonomy":"product_cat","embeddable":true,"href":"https:\/\/www.salineacademy.com\/fr\/wp-json\/wp\/v2\/product_cat?post=3584"},{"taxonomy":"product_tag","embeddable":true,"href":"https:\/\/www.salineacademy.com\/fr\/wp-json\/wp\/v2\/product_tag?post=3584"}],"curies":[{"name":"wp","href":"https:\/\/api.w.org\/{rel}","templated":true}]}}