{"id":3662,"date":"2025-08-08T18:51:43","date_gmt":"2025-08-08T16:51:43","guid":{"rendered":"https:\/\/www.salineacademy.com\/replay\/fantasy-on-der-freischutz-1st-part\/"},"modified":"2025-09-10T16:14:36","modified_gmt":"2025-09-10T14:14:36","slug":"fantasy-on-der-freischutz-1st-part","status":"publish","type":"product","link":"https:\/\/www.salineacademy.com\/fr\/replay\/fantasy-on-der-freischutz-1st-part\/","title":{"rendered":"Fantasy on \u00ab\u00a0Der Freisch\u00fctz\u00a0\u00bb, 1st part"},"content":{"rendered":"<p>Dans la premi\u00e8re partie de cette masterclass en deux parties, Philippe Bernold guide son \u00e9l\u00e8ve Yue Zhu \u00e0 travers la Fantaisie de Claude-Paul Taffanel sur &quot;Der Freisch\u00fctz&quot;.<\/p>\n","protected":false},"excerpt":{"rendered":"<p>Dans la premi\u00e8re partie de cette masterclass en deux parties, Philippe Bernold guide son \u00e9l\u00e8ve Yue Zhu \u00e0 travers la Fantaisie de Claude-Paul Taffanel sur &quot;Der Freisch\u00fctz&quot;.<\/p>\n","protected":false},"featured_media":3660,"template":"","meta":{"_acf_changed":false,"inline_featured_image":false},"product_brand":[],"product_cat":[30],"product_tag":[],"class_list":{"0":"post-3662","1":"product","2":"type-product","3":"status-publish","4":"has-post-thumbnail","6":"product_cat-masterclass","9":"first","10":"instock","11":"virtual","12":"taxable","13":"purchasable","14":"product-type-simple"},"acf":{"professeur":[697],"composer":"Taffanel, Claude-Paul","type_de_contenu":"masterclass","slug_video":"P0JL0Ya3bs","slug_extrait_video":"BjCzdtObtb","instruments":[39],"photo_de_fond":3660},"_links":{"self":[{"href":"https:\/\/www.salineacademy.com\/fr\/wp-json\/wp\/v2\/product\/3662","targetHints":{"allow":["GET"]}}],"collection":[{"href":"https:\/\/www.salineacademy.com\/fr\/wp-json\/wp\/v2\/product"}],"about":[{"href":"https:\/\/www.salineacademy.com\/fr\/wp-json\/wp\/v2\/types\/product"}],"acf:term":[{"embeddable":true,"taxonomy":"instrument","href":"https:\/\/www.salineacademy.com\/fr\/wp-json\/wp\/v2\/instrument\/39"}],"acf:post":[{"embeddable":true,"href":"https:\/\/www.salineacademy.com\/fr\/wp-json\/wp\/v2\/teacher\/697"}],"wp:featuredmedia":[{"embeddable":true,"href":"https:\/\/www.salineacademy.com\/fr\/wp-json\/wp\/v2\/media\/3660"}],"wp:attachment":[{"href":"https:\/\/www.salineacademy.com\/fr\/wp-json\/wp\/v2\/media?parent=3662"}],"wp:term":[{"taxonomy":"product_brand","embeddable":true,"href":"https:\/\/www.salineacademy.com\/fr\/wp-json\/wp\/v2\/product_brand?post=3662"},{"taxonomy":"product_cat","embeddable":true,"href":"https:\/\/www.salineacademy.com\/fr\/wp-json\/wp\/v2\/product_cat?post=3662"},{"taxonomy":"product_tag","embeddable":true,"href":"https:\/\/www.salineacademy.com\/fr\/wp-json\/wp\/v2\/product_tag?post=3662"}],"curies":[{"name":"wp","href":"https:\/\/api.w.org\/{rel}","templated":true}]}}