{"id":3688,"date":"2025-08-08T18:52:12","date_gmt":"2025-08-08T16:52:12","guid":{"rendered":"https:\/\/www.salineacademy.com\/replay\/sonate-pour-piano-nr-23-en-fa-mineur-op-57-1er-mouvement-part-1\/"},"modified":"2025-09-10T16:14:31","modified_gmt":"2025-09-10T14:14:31","slug":"sonate-pour-piano-nr-23-en-fa-mineur-op-57-1er-mouvement-part-1","status":"publish","type":"product","link":"https:\/\/www.salineacademy.com\/fr\/replay\/sonate-pour-piano-nr-23-en-fa-mineur-op-57-1er-mouvement-part-1\/","title":{"rendered":"Sonate pour piano Nr. 23 en Fa Mineur, Op. 57, 1er mouvement, part 1"},"content":{"rendered":"<p>Dans cette masterclass, D\u00e9nes V\u00e1rjon et son \u00e9l\u00e8ve Gaspard Thomas travaillent sur une vari\u00e9t\u00e9 de dynamiques ainsi que le tempo.<\/p>\n","protected":false},"excerpt":{"rendered":"<p>Dans cette masterclass, D\u00e9nes V\u00e1rjon et son \u00e9l\u00e8ve Gaspard Thomas travaillent sur une vari\u00e9t\u00e9 de dynamiques ainsi que le tempo.<\/p>\n","protected":false},"featured_media":3686,"template":"","meta":{"_acf_changed":false,"inline_featured_image":false},"product_brand":[],"product_cat":[30],"product_tag":[],"class_list":{"0":"post-3688","1":"product","2":"type-product","3":"status-publish","4":"has-post-thumbnail","6":"product_cat-masterclass","9":"first","10":"instock","11":"virtual","12":"taxable","13":"purchasable","14":"product-type-simple"},"acf":{"professeur":[679],"composer":"Beethoven, Ludwig van","type_de_contenu":"masterclass","slug_video":"Ztv57JfVLM","slug_extrait_video":"tLvm2loo5I","instruments":[33],"photo_de_fond":3686},"_links":{"self":[{"href":"https:\/\/www.salineacademy.com\/fr\/wp-json\/wp\/v2\/product\/3688","targetHints":{"allow":["GET"]}}],"collection":[{"href":"https:\/\/www.salineacademy.com\/fr\/wp-json\/wp\/v2\/product"}],"about":[{"href":"https:\/\/www.salineacademy.com\/fr\/wp-json\/wp\/v2\/types\/product"}],"acf:term":[{"embeddable":true,"taxonomy":"instrument","href":"https:\/\/www.salineacademy.com\/fr\/wp-json\/wp\/v2\/instrument\/33"}],"acf:post":[{"embeddable":true,"href":"https:\/\/www.salineacademy.com\/fr\/wp-json\/wp\/v2\/teacher\/679"}],"wp:featuredmedia":[{"embeddable":true,"href":"https:\/\/www.salineacademy.com\/fr\/wp-json\/wp\/v2\/media\/3686"}],"wp:attachment":[{"href":"https:\/\/www.salineacademy.com\/fr\/wp-json\/wp\/v2\/media?parent=3688"}],"wp:term":[{"taxonomy":"product_brand","embeddable":true,"href":"https:\/\/www.salineacademy.com\/fr\/wp-json\/wp\/v2\/product_brand?post=3688"},{"taxonomy":"product_cat","embeddable":true,"href":"https:\/\/www.salineacademy.com\/fr\/wp-json\/wp\/v2\/product_cat?post=3688"},{"taxonomy":"product_tag","embeddable":true,"href":"https:\/\/www.salineacademy.com\/fr\/wp-json\/wp\/v2\/product_tag?post=3688"}],"curies":[{"name":"wp","href":"https:\/\/api.w.org\/{rel}","templated":true}]}}