{"id":3738,"date":"2025-08-08T18:53:13","date_gmt":"2025-08-08T16:53:13","guid":{"rendered":"https:\/\/www.salineacademy.com\/replay\/gaspard-de-la-nuit\/"},"modified":"2025-09-10T16:14:25","modified_gmt":"2025-09-10T14:14:25","slug":"gaspard-de-la-nuit","status":"publish","type":"product","link":"https:\/\/www.salineacademy.com\/fr\/replay\/gaspard-de-la-nuit\/","title":{"rendered":"Gaspard de la nuit"},"content":{"rendered":"<p>Le professeur Michel Dalberto et son \u00e9l\u00e8ve Tingan Kuo examinent l&rsquo;utilisation de la p\u00e9dale, la dynamique, etc.<\/p>\n","protected":false},"excerpt":{"rendered":"<p>Le professeur Michel Dalberto et son \u00e9l\u00e8ve Tingan Kuo examinent l&rsquo;utilisation de la p\u00e9dale, la dynamique, etc.<\/p>\n","protected":false},"featured_media":3736,"template":"","meta":{"_acf_changed":false,"inline_featured_image":false},"product_brand":[],"product_cat":[30],"product_tag":[],"class_list":{"0":"post-3738","1":"product","2":"type-product","3":"status-publish","4":"has-post-thumbnail","6":"product_cat-masterclass","9":"first","10":"instock","11":"virtual","12":"taxable","13":"purchasable","14":"product-type-simple"},"acf":{"professeur":[727],"composer":"Ravel, Maurice","type_de_contenu":"masterclass","slug_video":"JmQUT2gQVu","slug_extrait_video":"iAy2XACXE9","instruments":[33],"photo_de_fond":3736},"_links":{"self":[{"href":"https:\/\/www.salineacademy.com\/fr\/wp-json\/wp\/v2\/product\/3738","targetHints":{"allow":["GET"]}}],"collection":[{"href":"https:\/\/www.salineacademy.com\/fr\/wp-json\/wp\/v2\/product"}],"about":[{"href":"https:\/\/www.salineacademy.com\/fr\/wp-json\/wp\/v2\/types\/product"}],"acf:term":[{"embeddable":true,"taxonomy":"instrument","href":"https:\/\/www.salineacademy.com\/fr\/wp-json\/wp\/v2\/instrument\/33"}],"acf:post":[{"embeddable":true,"href":"https:\/\/www.salineacademy.com\/fr\/wp-json\/wp\/v2\/teacher\/727"}],"wp:featuredmedia":[{"embeddable":true,"href":"https:\/\/www.salineacademy.com\/fr\/wp-json\/wp\/v2\/media\/3736"}],"wp:attachment":[{"href":"https:\/\/www.salineacademy.com\/fr\/wp-json\/wp\/v2\/media?parent=3738"}],"wp:term":[{"taxonomy":"product_brand","embeddable":true,"href":"https:\/\/www.salineacademy.com\/fr\/wp-json\/wp\/v2\/product_brand?post=3738"},{"taxonomy":"product_cat","embeddable":true,"href":"https:\/\/www.salineacademy.com\/fr\/wp-json\/wp\/v2\/product_cat?post=3738"},{"taxonomy":"product_tag","embeddable":true,"href":"https:\/\/www.salineacademy.com\/fr\/wp-json\/wp\/v2\/product_tag?post=3738"}],"curies":[{"name":"wp","href":"https:\/\/api.w.org\/{rel}","templated":true}]}}