{"id":3883,"date":"2025-08-08T19:42:11","date_gmt":"2025-08-08T17:42:11","guid":{"rendered":"https:\/\/www.salineacademy.com\/replay\/sonate-pour-violoncelle-nr-2-en-fa-majeur-op-99\/"},"modified":"2025-09-10T16:14:00","modified_gmt":"2025-09-10T14:14:00","slug":"sonate-pour-violoncelle-nr-2-en-fa-majeur-op-99","status":"publish","type":"product","link":"https:\/\/www.salineacademy.com\/fr\/replay\/sonate-pour-violoncelle-nr-2-en-fa-majeur-op-99\/","title":{"rendered":"Sonate pour violoncelle Nr. 2 en Fa Majeur,  Op. 99"},"content":{"rendered":"<p>Dans cette session, Gary Hoffman et Florianne Remme travaillent sur l&rsquo;\u00e9quilibre entre le violoncelle et le piano, parmi de nombreux autres \u00e9l\u00e9ments pertinents.<\/p>\n","protected":false},"excerpt":{"rendered":"<p>Dans cette session, Gary Hoffman et Florianne Remme travaillent sur l&rsquo;\u00e9quilibre entre le violoncelle et le piano, parmi de nombreux autres \u00e9l\u00e9ments pertinents.<\/p>\n","protected":false},"featured_media":3881,"template":"","meta":{"_acf_changed":false,"inline_featured_image":false},"product_brand":[],"product_cat":[30],"product_tag":[],"class_list":{"0":"post-3883","1":"product","2":"type-product","3":"status-publish","4":"has-post-thumbnail","6":"product_cat-masterclass","9":"first","10":"instock","11":"virtual","12":"taxable","13":"purchasable","14":"product-type-simple"},"acf":{"professeur":[3864],"composer":"Brahms, Johannes","type_de_contenu":"masterclass","slug_video":"OxhCSEprgg","slug_extrait_video":"I9eqnCbVML","instruments":[35],"photo_de_fond":3881},"_links":{"self":[{"href":"https:\/\/www.salineacademy.com\/fr\/wp-json\/wp\/v2\/product\/3883","targetHints":{"allow":["GET"]}}],"collection":[{"href":"https:\/\/www.salineacademy.com\/fr\/wp-json\/wp\/v2\/product"}],"about":[{"href":"https:\/\/www.salineacademy.com\/fr\/wp-json\/wp\/v2\/types\/product"}],"acf:term":[{"embeddable":true,"taxonomy":"instrument","href":"https:\/\/www.salineacademy.com\/fr\/wp-json\/wp\/v2\/instrument\/35"}],"acf:post":[{"embeddable":true,"href":"https:\/\/www.salineacademy.com\/fr\/wp-json\/wp\/v2\/teacher\/3864"}],"wp:featuredmedia":[{"embeddable":true,"href":"https:\/\/www.salineacademy.com\/fr\/wp-json\/wp\/v2\/media\/3881"}],"wp:attachment":[{"href":"https:\/\/www.salineacademy.com\/fr\/wp-json\/wp\/v2\/media?parent=3883"}],"wp:term":[{"taxonomy":"product_brand","embeddable":true,"href":"https:\/\/www.salineacademy.com\/fr\/wp-json\/wp\/v2\/product_brand?post=3883"},{"taxonomy":"product_cat","embeddable":true,"href":"https:\/\/www.salineacademy.com\/fr\/wp-json\/wp\/v2\/product_cat?post=3883"},{"taxonomy":"product_tag","embeddable":true,"href":"https:\/\/www.salineacademy.com\/fr\/wp-json\/wp\/v2\/product_tag?post=3883"}],"curies":[{"name":"wp","href":"https:\/\/api.w.org\/{rel}","templated":true}]}}